{"id":2753,"date":"2015-03-18T10:31:13","date_gmt":"2015-03-18T09:31:13","guid":{"rendered":"http:\/\/www.svengerhafe.de\/?page_id=2753"},"modified":"2022-03-25T22:16:34","modified_gmt":"2022-03-25T21:16:34","slug":"kinderturnen","status":"publish","type":"page","link":"https:\/\/www.svengerhafe.de\/?page_id=2753","title":{"rendered":"Mutter-Kind-Turnen (0- 6 Jahre)"},"content":{"rendered":"<p><strong>Mutter-Kind-Turnen (0-6 Jahre)<\/strong><\/p>\n<p>Moin liebe Eltern,<br \/>\nWir bieten eine Mutter-Kind-Turn-Gruppe an \ud83d\ude42<\/p>\n<p><strong>Montags von 16:00 &#8211; 17:15Uhr, in der Victorburer Sporthalle,<\/strong> hier befinden sich derzeit Kinder im Alter von 0<strong>-6 Jahren<\/strong> an<br \/>\nLeiterin Antje Harms unter 0152 56325341<\/p>\n<p>Seit auch ihr dabei, denn:<\/p>\n<p>Kinderturnen ist <strong>DIE<\/strong> motorische Grundlagenausbildung f\u00fcr Kinder.<br \/>\nKinderturnen ist das vielseitige Spielen, Bewegen und Fertigkeitslernen an, mit und ohne Materialien\/Ger\u00e4te (B\u00e4lle, Klein- und Gro\u00dfger\u00e4te uvm.) und bietet Kindern die Bewegungs- und Erfahrungsm\u00f6glichkeiten, die sie f\u00fcr ihre gesunde und ganzheitliche Entwicklung ben\u00f6tigen. Es orientiert sich an den motorischen Hauptbeanspruchungsformen Koordination, Beweglichkeit, Kraft, Schnelligkeit und Ausdauer.<br \/>\nKinderturnen f\u00f6rdert wie keine andere Sportart vielseitig und umfassend alle wichtigen motorischen Grundt\u00e4tigkeiten wie Krabbeln, Gehen, Laufen, H\u00fcpfen, Springen, Schwingen, W\u00e4lzen\/Rollen, Klettern, Steigen, Rutschen, St\u00fctzen, Werfen und Fangen.<\/p>\n<p>Dabei orientiert sich Kinderturnen an den unterschiedlichen Bed\u00fcrfnissen und individuellen F\u00e4higkeiten aller Kinder. Im gemeinsamen Spielen und Bewegen mit Gleichaltrigen lernen sie nachzugeben, sich zu behaupten, einander zu helfen und zu kooperieren. Kinder sind neugierig und gehen vorbehaltsfrei aufeinander zu. Kinderturnen f\u00f6rdert die Interaktion von Kindern untereinander und dadurch die soziale Kompetenz.<\/p>\n<p>Dar\u00fcber hinaus widmet sich das Kinderturnen dem Thema Gesundheitsf\u00f6rderung und sorgt f\u00fcr eine \u201ebewegte\u201c Kindheit. F\u00fcr eine nachhaltige Bewegungsf\u00f6rderung ist es dabei besonders wichtig, Kinder \u00fcber das Kinderturnen zu einem lebenslangen Sporttreiben zu motivieren. So wird der fr\u00fchzeitigen Entstehung von Haltungs- und Herz-Kreislaufschw\u00e4chen, \u00dcbergewicht und Koordinationsschwierigkeiten noch vor dem Einschulungsalter vorgebeugt.<\/p>\n<p>Ihr habt noch Fragen, W\u00fcnsche, Anregungen?<\/p>\n<p>Dann meldet euch gerne bei Antje Harms<\/p>\n","protected":false},"excerpt":{"rendered":"<p>Mutter-Kind-Turnen (0-6 Jahre) Moin liebe Eltern, Wir bieten eine Mutter-Kind-Turn-Gruppe an \ud83d\ude42 Montags von 16:00 &#8211; 17:15Uhr, in der Victorburer Sporthalle, hier befinden sich derzeit Kinder im Alter von 0-6 Jahren an Leiterin Antje Harms unter 0152 56325341 Seit auch ihr dabei, denn: Kinderturnen ist DIE motorische Grundlagenausbildung f\u00fcr Kinder. Kinderturnen ist das vielseitige Spielen, [&hellip;]<\/p>\n","protected":false},"author":2,"featured_media":9487,"parent":0,"menu_order":0,"comment_status":"closed","ping_status":"closed","template":"","meta":{"footnotes":""},"class_list":["post-2753","page","type-page","status-publish","has-post-thumbnail","hentry"],"_links":{"self":[{"href":"https:\/\/www.svengerhafe.de\/index.php?rest_route=\/wp\/v2\/pages\/2753","targetHints":{"allow":["GET"]}}],"collection":[{"href":"https:\/\/www.svengerhafe.de\/index.php?rest_route=\/wp\/v2\/pages"}],"about":[{"href":"https:\/\/www.svengerhafe.de\/index.php?rest_route=\/wp\/v2\/types\/page"}],"author":[{"embeddable":true,"href":"https:\/\/www.svengerhafe.de\/index.php?rest_route=\/wp\/v2\/users\/2"}],"replies":[{"embeddable":true,"href":"https:\/\/www.svengerhafe.de\/index.php?rest_route=%2Fwp%2Fv2%2Fcomments&post=2753"}],"version-history":[{"count":29,"href":"https:\/\/www.svengerhafe.de\/index.php?rest_route=\/wp\/v2\/pages\/2753\/revisions"}],"predecessor-version":[{"id":9552,"href":"https:\/\/www.svengerhafe.de\/index.php?rest_route=\/wp\/v2\/pages\/2753\/revisions\/9552"}],"wp:featuredmedia":[{"embeddable":true,"href":"https:\/\/www.svengerhafe.de\/index.php?rest_route=\/wp\/v2\/media\/9487"}],"wp:attachment":[{"href":"https:\/\/www.svengerhafe.de\/index.php?rest_route=%2Fwp%2Fv2%2Fmedia&parent=2753"}],"curies":[{"name":"wp","href":"https:\/\/api.w.org\/{rel}","templated":true}]}}