{"id":562,"date":"2014-04-12T13:58:20","date_gmt":"2014-04-12T12:58:20","guid":{"rendered":"http:\/\/www.svengerhafe.de\/?page_id=562"},"modified":"2025-08-08T05:29:21","modified_gmt":"2025-08-08T04:29:21","slug":"schuelerferienpass","status":"publish","type":"page","link":"https:\/\/www.svengerhafe.de\/?page_id=562","title":{"rendered":"Sch\u00fclerferienpass"},"content":{"rendered":"<p>Der SVE h\u00e4lt den Sch\u00fclerferienpass S\u00fcdbrookmerland f\u00fcr eine tolle Sache! Es werden jedes Jahr von den unterschiedlichsten Veranstaltern Programme angeboten, damit die laaaaangen Sommerferien f\u00fcr die Kinder und Jugendliche sch\u00f6n gestaltet werden. Daher bietet auch der SVE Veranstaltungen in diesem Rahmen an.<\/p>\n<p><b><u>2026:<\/u><\/b><\/p>\n\n\n<p><strong>Aktion 1: <\/strong><\/p>\n\n\n\n<p><strong>Wann?<\/strong><br \/><\/p>\n\n\n\n<p><\/p>\n\n\n\n<p><\/p>\n","protected":false},"excerpt":{"rendered":"<p>Der SVE h\u00e4lt den Sch\u00fclerferienpass S\u00fcdbrookmerland f\u00fcr eine tolle Sache! Es werden jedes Jahr von den unterschiedlichsten Veranstaltern Programme angeboten, damit die laaaaangen Sommerferien f\u00fcr die Kinder und Jugendliche sch\u00f6n gestaltet werden. Daher bietet auch der SVE Veranstaltungen in diesem Rahmen an. 2026: Aktion 1: Wann?<\/p>\n","protected":false},"author":5,"featured_media":0,"parent":0,"menu_order":0,"comment_status":"closed","ping_status":"closed","template":"","meta":{"footnotes":""},"class_list":["post-562","page","type-page","status-publish","hentry"],"_links":{"self":[{"href":"https:\/\/www.svengerhafe.de\/index.php?rest_route=\/wp\/v2\/pages\/562","targetHints":{"allow":["GET"]}}],"collection":[{"href":"https:\/\/www.svengerhafe.de\/index.php?rest_route=\/wp\/v2\/pages"}],"about":[{"href":"https:\/\/www.svengerhafe.de\/index.php?rest_route=\/wp\/v2\/types\/page"}],"author":[{"embeddable":true,"href":"https:\/\/www.svengerhafe.de\/index.php?rest_route=\/wp\/v2\/users\/5"}],"replies":[{"embeddable":true,"href":"https:\/\/www.svengerhafe.de\/index.php?rest_route=%2Fwp%2Fv2%2Fcomments&post=562"}],"version-history":[{"count":41,"href":"https:\/\/www.svengerhafe.de\/index.php?rest_route=\/wp\/v2\/pages\/562\/revisions"}],"predecessor-version":[{"id":12044,"href":"https:\/\/www.svengerhafe.de\/index.php?rest_route=\/wp\/v2\/pages\/562\/revisions\/12044"}],"wp:attachment":[{"href":"https:\/\/www.svengerhafe.de\/index.php?rest_route=%2Fwp%2Fv2%2Fmedia&parent=562"}],"curies":[{"name":"wp","href":"https:\/\/api.w.org\/{rel}","templated":true}]}}