{"id":679,"date":"2012-11-15T07:11:58","date_gmt":"2012-11-15T06:11:58","guid":{"rendered":"http:\/\/www.svengerhafe.de\/?page_id=679"},"modified":"2014-04-15T07:16:25","modified_gmt":"2014-04-15T06:16:25","slug":"reiner-doernath-gewinnt-skatturnier-2012","status":"publish","type":"page","link":"https:\/\/www.svengerhafe.de\/?page_id=679","title":{"rendered":"Reiner D\u00f6rnath gewinnt Skatturnier 2012"},"content":{"rendered":"<p>Auch 2012 hat der SV Engerhafe wieder einen neuen Skatk\u00f6nig. Bereits zum achten Mal richtete der SV Engerhafe sein erfolgreiches Skatturnier aus. Rainer D\u00f6rnath ist mittlerweile der achte Sieger noch nie konnte ein Titeltr\u00e4ger den Wanderpokal verteidigen auch diesmal gelang es Vorjahressieger Hermann Hinrichs nicht. Dieser belegte mit abgeschlagenen 743 Punkten nur Platz 11. Rainer D\u00f6rnath hingegen erspielte sich 2253 Punkte und damit einer Vorsprung von 349 aus den Zweitplatzierten Gerd Hinrichs. Auf das Siegertreppchen konnte sich mit Christian Goldenstein wie Gerd Hinrichs ebenfalls ein Neuling positionieren, ihm reichten dazu 1813 Punkte. Insgesamt nahmen 14 Teilnehmer an dem Turnier teil. Der Schnitt entspricht in etwa der Teilnehmerzahl der letzten Jahre, auch wenn der SV Engerhafe sich noch mehr Teilnehmer w\u00fcnschen w\u00fcrde. Gerechnet hatte Organisator und Kassenwart des SV Engerhafe Jann Sch\u00f6n mit einer Teilnehmerzahl jenseits der 20 Personen. Alle Teilnehmer wurden mit Pr\u00e4senten f\u00fcr ihre Teilnahme belohnt. Rainer D\u00f6rnath darf sich neben dem Wanderpokal \u00fcber eine kleine Siegpr\u00e4mie freuen.<\/p>\n<p><a href=\"https:\/\/www.svengerhafe.de\/wp-content\/uploads\/2014\/04\/IMG_0757-e1397542522785.jpg\"><img loading=\"lazy\" decoding=\"async\" class=\"alignnone size-full wp-image-680\" alt=\"Skat 2012\" src=\"https:\/\/www.svengerhafe.de\/wp-content\/uploads\/2014\/04\/IMG_0757-e1397542522785.jpg\" width=\"300\" height=\"400\" \/><\/a><br \/>\nReiner D\u00f6rnath mit Vorjahressieger Hermann Hinrichs<\/p>\n","protected":false},"excerpt":{"rendered":"<p>Auch 2012 hat der SV Engerhafe wieder einen neuen Skatk\u00f6nig. Bereits zum achten Mal richtete der SV Engerhafe sein erfolgreiches Skatturnier aus. Rainer D\u00f6rnath ist mittlerweile der achte Sieger noch nie konnte ein Titeltr\u00e4ger den Wanderpokal verteidigen auch diesmal gelang es Vorjahressieger Hermann Hinrichs nicht. Dieser belegte mit abgeschlagenen 743 Punkten nur Platz 11. Rainer [&hellip;]<\/p>\n","protected":false},"author":2,"featured_media":0,"parent":0,"menu_order":0,"comment_status":"closed","ping_status":"closed","template":"","meta":{"footnotes":""},"class_list":["post-679","page","type-page","status-publish","hentry"],"_links":{"self":[{"href":"https:\/\/www.svengerhafe.de\/index.php?rest_route=\/wp\/v2\/pages\/679","targetHints":{"allow":["GET"]}}],"collection":[{"href":"https:\/\/www.svengerhafe.de\/index.php?rest_route=\/wp\/v2\/pages"}],"about":[{"href":"https:\/\/www.svengerhafe.de\/index.php?rest_route=\/wp\/v2\/types\/page"}],"author":[{"embeddable":true,"href":"https:\/\/www.svengerhafe.de\/index.php?rest_route=\/wp\/v2\/users\/2"}],"replies":[{"embeddable":true,"href":"https:\/\/www.svengerhafe.de\/index.php?rest_route=%2Fwp%2Fv2%2Fcomments&post=679"}],"version-history":[{"count":1,"href":"https:\/\/www.svengerhafe.de\/index.php?rest_route=\/wp\/v2\/pages\/679\/revisions"}],"predecessor-version":[{"id":681,"href":"https:\/\/www.svengerhafe.de\/index.php?rest_route=\/wp\/v2\/pages\/679\/revisions\/681"}],"wp:attachment":[{"href":"https:\/\/www.svengerhafe.de\/index.php?rest_route=%2Fwp%2Fv2%2Fmedia&parent=679"}],"curies":[{"name":"wp","href":"https:\/\/api.w.org\/{rel}","templated":true}]}}